{"id":19281,"date":"2024-03-29T15:24:35","date_gmt":"2024-03-29T13:24:35","guid":{"rendered":"https:\/\/www.upmedical.eu\/privaatsuspoliitika\/"},"modified":"2024-05-19T20:57:04","modified_gmt":"2024-05-19T17:57:04","slug":"privaatsuspoliitika","status":"publish","type":"page","link":"https:\/\/www.upmedical.eu\/et\/privaatsuspoliitika\/","title":{"rendered":"Privaatsustingimused"},"content":{"rendered":"\t\t<div data-elementor-type=\"wp-page\" data-elementor-id=\"19281\" class=\"elementor elementor-19281 elementor-3\">\n\t\t\t\t<div class=\"elementor-element elementor-element-747d34f e-flex e-con-boxed e-con e-parent\" data-id=\"747d34f\" data-element_type=\"container\" data-e-type=\"container\">\n\t\t\t\t\t<div class=\"e-con-inner\">\n\t\t\t\t<div class=\"elementor-element elementor-element-579646c7 color-scheme-inherit text-left elementor-widget elementor-widget-text-editor\" data-id=\"579646c7\" data-element_type=\"widget\" data-e-type=\"widget\" data-widget_type=\"text-editor.default\">\n\t\t\t\t<div class=\"elementor-widget-container\">\n\t\t\t\t\t\t\t\t\t<h1> <\/h1>\n<h1 class=\"entry-title\" style=\"text-align: center;\"><strong><span style=\"color: #0693e3;\"><span style=\"text-decoration: underline;\">\u00d5IGUSLIK JA PRIVAATSUSAVALDUS<\/span> <\/span><\/strong><\/h1>\n<p>K\u00e4esolevad andmekaitsetingimused on koostatud eesm\u00e4rgiga kaitsta UPMEDICAL O\u00dc endiste, praeguste ja tulevaste klientide eraelu puutumatust. Sellest l\u00e4htuvalt kirjeldame p\u00f5him\u00f5tteid, mis puudutavad kliendiandmete kogumist, kasutamist, avaldamist, edastamist ja s\u00e4ilitamist. UPMEDICAL O\u00dc tegevus j\u00e4rgib k\u00f5iki asjakohaseid tegevusi ning Euroopa Liidu ja Eesti Vabariigi asjakohaseid \u00f5igusakte, sealhulgas EUROOPA PARLAMENDI JA N\u00d5UKOGU M\u00c4\u00c4RUST (EL) 2016\/679. UPMEDICAL O\u00dc rakendab k\u00f5iki ettevaatusabin\u00f5usid (sealhulgas administratiivsed, tehnilised ja f\u00fc\u00fcsilised meetmed), et kaitsta kogutud isikuandmeid. Andmete muutmiseks ja t\u00f6\u00f6tlemiseks on juurdep\u00e4\u00e4s ainult volitatud isikutel.<\/p>\n<p>UPMEDICAL O\u00dc veebileht kasutab SSL-sertifikaati, mis on veebirakenduse turvasertifikaat, mille abil on andmed kaitstud kuni 256-bitise kr\u00fcpteeringuga. See sertifikaat kr\u00fcpteerib avalikus Internetis liikuva teabe ja tagab selle konfidentsiaalsuse.<\/p>\n<h3 style=\"text-align: left;\">1. ANDMETE VASTUTAV T\u00d6\u00d6TLEJA<\/h3>\n<p style=\"text-align: left;\">UPMEDICAL O\u00dc<br \/>\u00c4ritunnus \/ Reg. Kood: 16042130<br \/>Seedri tn 6, 80010, P\u00e4rnu linn, P\u00e4rnu maakond, Eesti<\/p>\n<h3 style=\"text-align: left;\">2. KONTAKT SEOSES REGISTRITEGA<\/h3>\n<p style=\"text-align: left;\">support@upmedical.eu<br \/>tel. +372 51966203<\/p>\n<h3 style=\"text-align: left;\">3. REGISTRITE NIMED<\/h3>\n<p style=\"text-align: left;\">UPMEDICAL O\u00dc \u00e4rikliendi-, arveldus- ja turundusregistrid.<\/p>\n<h3 style=\"text-align: left;\">4. ISIKUANDMETE T\u00d6\u00d6TLEMISE EESM\u00c4RK JA ALUSED<\/h3>\n<p style=\"text-align: left;\">Registreid kasutatakse UPMEDICAL O\u00dc olemasolevate ja potentsiaalsete kliendiettev\u00f5tete kontaktisikute andmete s\u00e4ilitamiseks.<\/p>\n<p style=\"text-align: left;\">Isikuandmeid v\u00f5ib t\u00f6\u00f6delda j\u00e4rgmistel eesm\u00e4rkidel:<\/p>\n<p style=\"text-align: left;\">Kliendisuhete ja klienditeeninduse haldamine ning sellega seotud teabevahetuse ja turunduse juhtimine, l\u00e4biviimine, arendamine ja j\u00e4lgimine.<\/p>\n<p style=\"text-align: left;\">Klientide tagasiside, kliendirahulolu andmete ja kaebuste t\u00f6\u00f6tlemine.<\/p>\n<p style=\"text-align: left;\">P\u00e4ringute ja pakkumisp\u00e4ringute t\u00f6\u00f6tlemine.<\/p>\n<p style=\"text-align: left;\">Kliendisuhte anal\u00fc\u00fcs, statistiline t\u00f6\u00f6, r\u00fchmitamine ja aruandlus ning muud kliendisuhte ja UPMEDICAL O\u00dc \u00e4ritegevuse arendamisega seotud eesm\u00e4rgid.<\/p>\n<p style=\"text-align: left;\">Veebisaidi k\u00fclastajate arvu ja k\u00e4itumise anal\u00fc\u00fcs ning sisu jagamise h\u00f5lbustamine sotsiaalmeedias (k\u00fcpsised).<\/p>\n<p style=\"text-align: left;\">Kliendiregistris olevaid kliendiandmeid v\u00f5ib kasutada ka teenuse n\u00f5udluse ja klientide k\u00e4itumise anal\u00fc\u00fcsimisel profiilide koostamiseks.<\/p>\n<p style=\"text-align: left;\">Andmet\u00f6\u00f6tlus\u00fclesandeid v\u00f5ib allhanke korras anda UPMEDICAL O\u00dc-st v\u00e4ljapoole j\u00e4\u00e4vatele teenusepakkujatele, j\u00e4rgides andmekaitsealaseid \u00f5igusakte ja nende piiranguid.<\/p>\n<h5 style=\"padding-left: 40px; text-align: left;\"><span style=\"text-decoration: underline;\">MIS ON &#8220;K\u00dcPSISED&#8221;?<\/span><\/h5>\n<p style=\"padding-left: 40px; text-align: left;\">K\u00fcpsis on v\u00e4ike tekstifail, mille veebiserver saadab kasutaja veebilehitsejale ja mis salvestatakse kasutaja arvuti k\u00f5vakettale.<\/p>\n<p style=\"padding-left: 40px; text-align: left;\">K\u00fcpsised ise ei loe teavet kasutaja arvutist ega saada seda veebisaitidele.<\/p>\n<h5 style=\"padding-left: 40px; text-align: left;\"><span style=\"text-decoration: underline;\">K\u00dcPSISTE EESM\u00c4RK<\/span><\/h5>\n<p style=\"padding-left: 40px; text-align: left;\">Veebilehed ja e-poed kasutavad k\u00fcpsiseid, et pakkuda kasutajatele personaalsemat kasutajakogemust ja mugavamat navigeerimist veebilehel. N\u00e4iteks v\u00f5imaldavad k\u00fcpsised veebisaidil meeles pidada kasutaja eelistusi (keelevalik) v\u00f5i vahele j\u00e4tta iga kord, kui te veebisaidile sisse logite. \u00dcldiselt kasutatakse k\u00fcpsiseid statistiliste andmete kogumiseks, j\u00e4lgides kasutaja eelistusi veebilehtede k\u00fclastamisel. See ei kujuta endast kasutajale otsest ohtu. Veebilehe operaatorid on kohustatud andma veebilehel selget ja arusaadavat teavet selle kohta, milliseid k\u00fcpsiseid nende veebileht kasutab ja mis eesm\u00e4rgil. Sel viisil saab kasutaja ise otsustada, kas lubada v\u00f5i keelata k\u00fcpsised.<\/p>\n<h5 style=\"padding-left: 40px; text-align: left;\"><span style=\"text-decoration: underline;\">Kuidas kasutab upmedical.eu k\u00fcpsiseid?<\/span><\/h5>\n<p style=\"padding-left: 40px; text-align: left;\"><strong>Selle veebisaidi k\u00fclastamise tulemusena v\u00f5ib teie brauser salvestada k\u00fcpsiseid j\u00e4rgmistest kategooriatest:<\/strong><\/p>\n<h5 style=\"padding-left: 40px; text-align: left;\"><span style=\"text-decoration: underline;\">Anal\u00fc\u00fctika<\/span><\/h5>\n<p style=\"padding-left: 40px; text-align: left;\">upmedical.eu kasutab veebilehe k\u00fclastatavuse m\u00f5\u00f5tmiseks laialdaselt kasutatavat tarkvara Google Analytics. Saadud andmete abil saame paremini m\u00f5ista k\u00fclastajate k\u00e4itumist lehel ja muuta selle kasutamise mugavamaks. Nimetatud tarkvara kasutab mitmeid k\u00fcpsiseid, mille abil saame teada, kas veebilehe k\u00fclastajad on seal varem k\u00e4inud. Kui sellised k\u00fcpsised on teie arvutis olemas, teavitab teie veebilehitseja meid sellest; kui neid aga veel ei ole, siis anname need teie veebilehitsejale. Nii saame teada, kui palju on meie kasutajaid ja kui tihti nad meie lehte k\u00fclastavad. Neid k\u00fcpsiseid kasutatakse ainult statistilistel eesm\u00e4rkidel ja neid ei saa kasutada \u00fcksikute kasutajate tuvastamiseks. K\u00fclastajate andmeid ei edastata Google&#8217;ile. Peamine k\u00fcpsis, mida Google Analytics kasutab, on &#8220;with __&#8221;.<\/p>\n<h5 style=\"padding-left: 40px; text-align: left;\"><span style=\"text-decoration: underline;\">Tehnilised k\u00fcpsised<\/span><\/h5>\n<p style=\"padding-left: 40px; text-align: left;\">Tehnilised k\u00fcpsised on vajalikud selleks, et kasutaja saaks veebilehel \u00fcldse navigeerida ja veebilehe funktsioone kasutada. Ilma nende k\u00fcpsisteta ei saa veebisait korralikult toimida.<\/p>\n<h5 style=\"padding-left: 40px; text-align: left;\"><span style=\"text-decoration: underline;\">K\u00fcpsiste kasutamise piiramine v\u00f5i t\u00e4ielik loobumine k\u00fcpsiste kasutamisest<\/span><\/h5>\n<p style=\"padding-left: 40px; text-align: left;\">Tavaliselt on v\u00f5imalik veebibrauserit konfigureerida nii, et see ei kasutaks enam k\u00fcpsiseid v\u00f5i ei aktsepteeriks k\u00fcpsiste kasutamist konkreetselt veebisaidilt. K\u00f5ik moodsad veebilehitsejad v\u00f5imaldavad k\u00fcpsiste seadete muutmist. Tavaliselt asuvad sellised seaded veebilehitseja seadete v\u00f5i eelistuste men\u00fc\u00fcs. J\u00e4rgmised lingid v\u00f5ivad aidata teil neid seadistusi m\u00f5ista; muudel juhtudel peaksite lisateabe saamiseks kasutama oma veebilehitseja abivalikut.<\/p>\n<p style=\"padding-left: 40px; text-align: left;\"><span style=\"text-decoration: underline;\">Internet Explorer<\/span>: <span style=\"color: #0693e3;\"><a style=\"color: #0693e3;\" href=\"http:\/\/support.microsoft.com\/kb\/278835\">http:\/\/support.microsoft.com\/kb\/278835<\/a><\/span> ja <span style=\"color: #0693e3;\"><a style=\"color: #0693e3;\" href=\"https:\/\/support.microsoft.com\/et-ee\/help\/17442\/windows-internet-explorer-delete-manage-cookies\">https:\/\/support.microsoft.com\/et-ee\/help\/17442\/windows-internet-explorer-delete-manage-cookies<\/a><\/span><\/p>\n<p style=\"padding-left: 40px; text-align: left;\"><span style=\"text-decoration: underline;\">Chrome:<\/span> <span style=\"color: #0693e3;\"><a style=\"color: #0693e3;\" href=\"https:\/\/support.google.com\/chrome\/answer\/95647?hl=en\">https:\/\/support.google.com\/chrome\/answer\/95647?hl=en<\/a><\/span><\/p>\n<p style=\"padding-left: 40px; text-align: left;\"><span style=\"text-decoration: underline;\">Firefox:<\/span> <span style=\"color: #0693e3;\"><br \/>\n  <a style=\"color: #0693e3;\" href=\"https:\/\/support.mozilla.org\/et\/kb\/cookies-information-websites-store-on-your-computer?redirectlocale=en-US&amp;redirectslug=Cookies\">https:\/\/support.mozilla.org\/et\/kb\/cookies-information-websites-store-on-your-computer?redirectlocale=en-US&amp;redirectslug=Cookies.<\/a><br \/>\n<\/span><\/p>\n<p style=\"padding-left: 40px; text-align: left;\"><span style=\"text-decoration: underline;\">Opera:<\/span> <span style=\"color: #0693e3;\"><a style=\"color: #0693e3;\" href=\"http:\/\/help.opera.com\/opera\/Windows\/2393\/en\/controlPages.html#manageCookies\">http:\/\/help.opera.com\/opera\/Windows\/2393\/en\/controlPages.html#manageCookies<\/a><\/span><\/p>\n<p style=\"padding-left: 40px; text-align: left;\"><span style=\"text-decoration: underline;\">Safari:<\/span> <span style=\"color: #0693e3;\"><br \/>\n  <a style=\"color: #0693e3;\" href=\"http:\/\/support.apple.com\/kb\/PH5042\">http:\/\/support.apple.com\/kb\/PH5042<\/a><br \/>\n<\/span><\/p>\n<p style=\"padding-left: 40px; text-align: left;\"><span style=\"text-decoration: underline;\">iOS:<\/span> <a href=\"https:\/\/support.apple.com\/et-ee\/HT201265\"><br \/>\n  <span style=\"color: #0693e3;\">https:\/\/support.apple.com\/et-ee\/HT201265<\/span><br \/>\n<\/a><\/p>\n<h3 style=\"text-align: left;\">5. REGISTRITE ANDMESISU<\/h3>\n<p style=\"text-align: left;\">Kliendi-, arve- ja turundusregistrites v\u00f5ib salvestada n\u00e4iteks j\u00e4rgmisi andmeid:<\/p>\n<p style=\"text-align: left;\">Kliendi ettev\u00f5tte nimi ja kontaktandmed (tarne- ja arveldusaadress, e-posti aadress, telefoninumber) ning ettev\u00f5tte kontaktisiku nimi ja kontaktandmed (e-posti aadress ja telefoninumber).<\/p>\n<p style=\"text-align: left;\">Kliendi n\u00f5usolek, otseturustusload ja keelud.<\/p>\n<p style=\"text-align: left;\">Andmed kliendisuhte kohta, n\u00e4iteks kliendi tellimuse andmed ning andmed kohtumiste ja muude kontaktide kohta UPMEDICAL O\u00dc klienditeeninduse ja ettev\u00f5tte t\u00f6\u00f6tajatega.<\/p>\n<p style=\"text-align: left;\">Kliendi ostuajalugu ja tehinguandmed ning andmed UPMEDICAL O\u00dc veebisaidi ja e-poe veebik\u00e4itumise kohta.<\/p>\n<p style=\"text-align: left;\">Kliendi poolt UPMEDICAL O\u00dc poolt sisestatud andmed (e-posti aadress, telefoninumber, aadress, s\u00fcnniaeg ja tervisega seotud teave).<\/p>\n<h3 style=\"text-align: left;\">6. REGULAARSED ANDMEALLIKAD<\/h3>\n<p style=\"text-align: left;\">Isikuandmed saadakse peamiselt kliendi ettev\u00f5ttelt, kontaktisikult endalt, ettev\u00f5tte veebilehelt ja \u00e4riinfos\u00fcsteemidest.<\/p>\n<h3 style=\"text-align: left;\">7. REGULAARNE ANDMETE JAGAMINE JA TEABE EDASTAMINE V\u00c4LJAPOOLE EUROOPA LIITU V\u00d5I EUROOPA MAJANDUSPIIRKONDA<\/h3>\n<p style=\"text-align: left;\">Isikuandmeid ei edastata v\u00e4ljapoole Euroopa Liitu v\u00f5i Euroopa Majanduspiirkonda. Isikuandmeid v\u00f5idakse siiski jagada UPMEDICAL O\u00dc allt\u00f6\u00f6v\u00f5tjate ja partneritega. K\u00f5ik isikuandmed anon\u00fc\u00fcmseks muudetakse enne nende saatmist UPMEDICAL O\u00dc allt\u00f6\u00f6v\u00f5tjatele ja partneritele.<\/p>\n<h3 style=\"text-align: left;\">8. REGISTRIKAITSE P\u00d5HIM\u00d5TETE KIRJELDUS<\/h3>\n<p style=\"text-align: left;\">F\u00fc\u00fcsilisel andmekandjal olevaid andmeid hoitakse lukustatud hoidlas, millele on juurdep\u00e4\u00e4s ainult eraldi volitatud t\u00f6\u00f6tajatel. Digitaalsetele materjalidele saavad juurdep\u00e4\u00e4su ainult m\u00e4\u00e4ratud t\u00f6\u00f6tajad, kellel on isiklik kasutajatunnus ja parool. Juurdep\u00e4\u00e4su\u00f5igused on erinevatel tasemetel ja igale kasutajale antakse tema \u00fclesannete t\u00e4itmiseks piisavad, kuid v\u00f5imalikult piiratud \u00f5igused.<\/p>\n<h3 style=\"text-align: left;\">9. ISIKUANDMETE T\u00d6\u00d6TLEMISEGA SEOTUD \u00d5IGUSED<\/h3>\n<p style=\"text-align: left;\">Isikul, kes on kliendi-, arve- v\u00f5i turustusregistri subjekt, on \u00f5igus tutvuda registris olevate isikuandmetega. Samuti on isikul \u00f5igus taotleda registris olevate vigaste, ebavajalike, ebat\u00e4ielike v\u00f5i aegunud andmete kustutamist v\u00f5i parandamist. Eelnimetatud taotlused tuleb saata kirjalikult UPMEDICAL O\u00dc kontaktmeilile.<\/p>\n<p style=\"text-align: left;\">Isikul, kes on kliendi-, arve- v\u00f5i turundusregistri subjekt, on samuti \u00f5igus keelata UPMEDICAL O\u00dc-l tema isikuandmete t\u00f6\u00f6tlemine otseturunduse eesm\u00e4rgil, j\u00e4rgides elektroonilistes turunduss\u00f5numites toodud juhiseid.<\/p>\n<h3 style=\"text-align: left;\">10. ISIKUANDMETE KUSTUTAMINE JA S\u00c4ILITAMISAEG<\/h3>\n<p style=\"text-align: left;\">UPMEDICAL O\u00dc kustutab klientide isikuandmed registritest, kui andmete t\u00f6\u00f6tlemiseks ei ole enam \u00e4rilisi p\u00f5hjendusi v\u00f5i kui registri subjekt kasutab oma seadusest tulenevat \u00f5igust n\u00f5uda, et UPMEDICAL O\u00dc kustutaks k\u00f5ik teda puudutavad andmed. Isikuandmeid ei kustutata siiski, kui seadus n\u00f5uab teisiti v\u00f5i kui kontaktisik vastutab tellitud toodete ohutu kasutamise eest.<\/p>\n\t\t\t\t\t\t\t\t<\/div>\n\t\t\t\t<\/div>\n\t\t\t\t\t<\/div>\n\t\t\t\t<\/div>\n\t\t\t\t<\/div>\n\t\t","protected":false},"excerpt":{"rendered":"<p>\u00d5IGUSLIK JA PRIVAATSUSAVALDUS K\u00e4esolevad andmekaitsetingimused on koostatud eesm\u00e4rgiga kaitsta UPMEDICAL O\u00dc endiste, praeguste ja tulevaste klientide eraelu puutumatust. Sellest l\u00e4htuvalt<\/p>\n","protected":false},"author":1,"featured_media":19093,"parent":0,"menu_order":0,"comment_status":"closed","ping_status":"open","template":"","meta":{"footnotes":""},"class_list":["post-19281","page","type-page","status-publish","has-post-thumbnail","hentry"],"yoast_head":"<!-- This site is optimized with the Yoast SEO plugin v27.1.1 - https:\/\/yoast.com\/product\/yoast-seo-wordpress\/ -->\n<title>Privaatsustingimused<\/title>\n<meta name=\"description\" content=\"Pakume sihip\u00e4rast valikut diagnostikavahendeid \u00f5igeaegsete ja kindlate meditsiiniliste otsuste tegemiseks. Tutvuge meie privaatsustingimustega ja lugege lisateavet!\" \/>\n<meta name=\"robots\" content=\"index, follow, max-snippet:-1, max-image-preview:large, max-video-preview:-1\" \/>\n<link rel=\"canonical\" href=\"https:\/\/www.upmedical.eu\/et\/privaatsuspoliitika\/\" \/>\n<meta property=\"og:locale\" content=\"et_EE\" \/>\n<meta property=\"og:type\" content=\"article\" \/>\n<meta property=\"og:title\" content=\"Privaatsustingimused\" \/>\n<meta property=\"og:description\" content=\"Pakume sihip\u00e4rast valikut diagnostikavahendeid \u00f5igeaegsete ja kindlate meditsiiniliste otsuste tegemiseks. Tutvuge meie privaatsustingimustega ja lugege lisateavet!\" \/>\n<meta property=\"og:url\" content=\"https:\/\/www.upmedical.eu\/et\/privaatsuspoliitika\/\" \/>\n<meta property=\"og:site_name\" content=\"UPMEDICAL O\u00dc - Partner For Better Healthcare\" \/>\n<meta property=\"article:modified_time\" content=\"2024-05-19T17:57:04+00:00\" \/>\n<meta property=\"og:image\" content=\"https:\/\/www.upmedical.eu\/wp-content\/uploads\/2024\/04\/medical-consultation-e1713894715450.jpg\" \/>\n\t<meta property=\"og:image:width\" content=\"1305\" \/>\n\t<meta property=\"og:image:height\" content=\"988\" \/>\n\t<meta property=\"og:image:type\" content=\"image\/jpeg\" \/>\n<meta name=\"twitter:card\" content=\"summary_large_image\" \/>\n<meta name=\"twitter:label1\" content=\"Est. reading time\" \/>\n\t<meta name=\"twitter:data1\" content=\"5 minutit\" \/>\n<script type=\"application\/ld+json\" class=\"yoast-schema-graph\">{\"@context\":\"https:\/\/schema.org\",\"@graph\":[{\"@type\":\"WebPage\",\"@id\":\"https:\/\/www.upmedical.eu\/et\/privaatsuspoliitika\/\",\"url\":\"https:\/\/www.upmedical.eu\/et\/privaatsuspoliitika\/\",\"name\":\"Privaatsustingimused\",\"isPartOf\":{\"@id\":\"https:\/\/www.upmedical.eu\/#website\"},\"primaryImageOfPage\":{\"@id\":\"https:\/\/www.upmedical.eu\/et\/privaatsuspoliitika\/#primaryimage\"},\"image\":{\"@id\":\"https:\/\/www.upmedical.eu\/et\/privaatsuspoliitika\/#primaryimage\"},\"thumbnailUrl\":\"https:\/\/www.upmedical.eu\/wp-content\/uploads\/2021\/09\/corporate-protection-3.svg\",\"datePublished\":\"2024-03-29T13:24:35+00:00\",\"dateModified\":\"2024-05-19T17:57:04+00:00\",\"description\":\"Pakume sihip\u00e4rast valikut diagnostikavahendeid \u00f5igeaegsete ja kindlate meditsiiniliste otsuste tegemiseks. Tutvuge meie privaatsustingimustega ja lugege lisateavet!\",\"breadcrumb\":{\"@id\":\"https:\/\/www.upmedical.eu\/et\/privaatsuspoliitika\/#breadcrumb\"},\"inLanguage\":\"et\",\"potentialAction\":[{\"@type\":\"ReadAction\",\"target\":[\"https:\/\/www.upmedical.eu\/et\/privaatsuspoliitika\/\"]}]},{\"@type\":\"ImageObject\",\"inLanguage\":\"et\",\"@id\":\"https:\/\/www.upmedical.eu\/et\/privaatsuspoliitika\/#primaryimage\",\"url\":\"https:\/\/www.upmedical.eu\/wp-content\/uploads\/2021\/09\/corporate-protection-3.svg\",\"contentUrl\":\"https:\/\/www.upmedical.eu\/wp-content\/uploads\/2021\/09\/corporate-protection-3.svg\",\"width\":84,\"height\":84,\"caption\":\"privacy policy, ssl secured website\"},{\"@type\":\"BreadcrumbList\",\"@id\":\"https:\/\/www.upmedical.eu\/et\/privaatsuspoliitika\/#breadcrumb\",\"itemListElement\":[{\"@type\":\"ListItem\",\"position\":1,\"name\":\"Home\",\"item\":\"https:\/\/www.upmedical.eu\/et\/\"},{\"@type\":\"ListItem\",\"position\":2,\"name\":\"Privaatsustingimused\"}]},{\"@type\":\"WebSite\",\"@id\":\"https:\/\/www.upmedical.eu\/#website\",\"url\":\"https:\/\/www.upmedical.eu\/\",\"name\":\"UPMEDICAL O\u00dc - Partner For Better Healthcare\",\"description\":\"UP Medical: Distribution Partner in Estonia for medical, clinical diagnostics &amp; food safety products. We offer B2B services to manufacturers.\",\"publisher\":{\"@id\":\"https:\/\/www.upmedical.eu\/#organization\"},\"potentialAction\":[{\"@type\":\"SearchAction\",\"target\":{\"@type\":\"EntryPoint\",\"urlTemplate\":\"https:\/\/www.upmedical.eu\/?s={search_term_string}\"},\"query-input\":{\"@type\":\"PropertyValueSpecification\",\"valueRequired\":true,\"valueName\":\"search_term_string\"}}],\"inLanguage\":\"et\"},{\"@type\":\"Organization\",\"@id\":\"https:\/\/www.upmedical.eu\/#organization\",\"name\":\"UPMEDICAL O\u00dc - Partner For Better Healthcare\",\"url\":\"https:\/\/www.upmedical.eu\/\",\"logo\":{\"@type\":\"ImageObject\",\"inLanguage\":\"et\",\"@id\":\"https:\/\/www.upmedical.eu\/#\/schema\/logo\/image\/\",\"url\":\"https:\/\/www.upmedical.eu\/wp-content\/uploads\/2024\/08\/whatsup.png\",\"contentUrl\":\"https:\/\/www.upmedical.eu\/wp-content\/uploads\/2024\/08\/whatsup.png\",\"width\":250,\"height\":250,\"caption\":\"UPMEDICAL O\u00dc - Partner For Better Healthcare\"},\"image\":{\"@id\":\"https:\/\/www.upmedical.eu\/#\/schema\/logo\/image\/\"}}]}<\/script>\n<!-- \/ Yoast SEO plugin. -->","yoast_head_json":{"title":"Privaatsustingimused","description":"Pakume sihip\u00e4rast valikut diagnostikavahendeid \u00f5igeaegsete ja kindlate meditsiiniliste otsuste tegemiseks. Tutvuge meie privaatsustingimustega ja lugege lisateavet!","robots":{"index":"index","follow":"follow","max-snippet":"max-snippet:-1","max-image-preview":"max-image-preview:large","max-video-preview":"max-video-preview:-1"},"canonical":"https:\/\/www.upmedical.eu\/et\/privaatsuspoliitika\/","og_locale":"et_EE","og_type":"article","og_title":"Privaatsustingimused","og_description":"Pakume sihip\u00e4rast valikut diagnostikavahendeid \u00f5igeaegsete ja kindlate meditsiiniliste otsuste tegemiseks. Tutvuge meie privaatsustingimustega ja lugege lisateavet!","og_url":"https:\/\/www.upmedical.eu\/et\/privaatsuspoliitika\/","og_site_name":"UPMEDICAL O\u00dc - Partner For Better Healthcare","article_modified_time":"2024-05-19T17:57:04+00:00","og_image":[{"width":1305,"height":988,"url":"https:\/\/www.upmedical.eu\/wp-content\/uploads\/2024\/04\/medical-consultation-e1713894715450.jpg","type":"image\/jpeg"}],"twitter_card":"summary_large_image","twitter_misc":{"Est. reading time":"5 minutit"},"schema":{"@context":"https:\/\/schema.org","@graph":[{"@type":"WebPage","@id":"https:\/\/www.upmedical.eu\/et\/privaatsuspoliitika\/","url":"https:\/\/www.upmedical.eu\/et\/privaatsuspoliitika\/","name":"Privaatsustingimused","isPartOf":{"@id":"https:\/\/www.upmedical.eu\/#website"},"primaryImageOfPage":{"@id":"https:\/\/www.upmedical.eu\/et\/privaatsuspoliitika\/#primaryimage"},"image":{"@id":"https:\/\/www.upmedical.eu\/et\/privaatsuspoliitika\/#primaryimage"},"thumbnailUrl":"https:\/\/www.upmedical.eu\/wp-content\/uploads\/2021\/09\/corporate-protection-3.svg","datePublished":"2024-03-29T13:24:35+00:00","dateModified":"2024-05-19T17:57:04+00:00","description":"Pakume sihip\u00e4rast valikut diagnostikavahendeid \u00f5igeaegsete ja kindlate meditsiiniliste otsuste tegemiseks. Tutvuge meie privaatsustingimustega ja lugege lisateavet!","breadcrumb":{"@id":"https:\/\/www.upmedical.eu\/et\/privaatsuspoliitika\/#breadcrumb"},"inLanguage":"et","potentialAction":[{"@type":"ReadAction","target":["https:\/\/www.upmedical.eu\/et\/privaatsuspoliitika\/"]}]},{"@type":"ImageObject","inLanguage":"et","@id":"https:\/\/www.upmedical.eu\/et\/privaatsuspoliitika\/#primaryimage","url":"https:\/\/www.upmedical.eu\/wp-content\/uploads\/2021\/09\/corporate-protection-3.svg","contentUrl":"https:\/\/www.upmedical.eu\/wp-content\/uploads\/2021\/09\/corporate-protection-3.svg","width":84,"height":84,"caption":"privacy policy, ssl secured website"},{"@type":"BreadcrumbList","@id":"https:\/\/www.upmedical.eu\/et\/privaatsuspoliitika\/#breadcrumb","itemListElement":[{"@type":"ListItem","position":1,"name":"Home","item":"https:\/\/www.upmedical.eu\/et\/"},{"@type":"ListItem","position":2,"name":"Privaatsustingimused"}]},{"@type":"WebSite","@id":"https:\/\/www.upmedical.eu\/#website","url":"https:\/\/www.upmedical.eu\/","name":"UPMEDICAL O\u00dc - Partner For Better Healthcare","description":"UP Medical: Distribution Partner in Estonia for medical, clinical diagnostics &amp; food safety products. We offer B2B services to manufacturers.","publisher":{"@id":"https:\/\/www.upmedical.eu\/#organization"},"potentialAction":[{"@type":"SearchAction","target":{"@type":"EntryPoint","urlTemplate":"https:\/\/www.upmedical.eu\/?s={search_term_string}"},"query-input":{"@type":"PropertyValueSpecification","valueRequired":true,"valueName":"search_term_string"}}],"inLanguage":"et"},{"@type":"Organization","@id":"https:\/\/www.upmedical.eu\/#organization","name":"UPMEDICAL O\u00dc - Partner For Better Healthcare","url":"https:\/\/www.upmedical.eu\/","logo":{"@type":"ImageObject","inLanguage":"et","@id":"https:\/\/www.upmedical.eu\/#\/schema\/logo\/image\/","url":"https:\/\/www.upmedical.eu\/wp-content\/uploads\/2024\/08\/whatsup.png","contentUrl":"https:\/\/www.upmedical.eu\/wp-content\/uploads\/2024\/08\/whatsup.png","width":250,"height":250,"caption":"UPMEDICAL O\u00dc - Partner For Better Healthcare"},"image":{"@id":"https:\/\/www.upmedical.eu\/#\/schema\/logo\/image\/"}}]}},"_links":{"self":[{"href":"https:\/\/www.upmedical.eu\/et\/wp-json\/wp\/v2\/pages\/19281","targetHints":{"allow":["GET"]}}],"collection":[{"href":"https:\/\/www.upmedical.eu\/et\/wp-json\/wp\/v2\/pages"}],"about":[{"href":"https:\/\/www.upmedical.eu\/et\/wp-json\/wp\/v2\/types\/page"}],"author":[{"embeddable":true,"href":"https:\/\/www.upmedical.eu\/et\/wp-json\/wp\/v2\/users\/1"}],"replies":[{"embeddable":true,"href":"https:\/\/www.upmedical.eu\/et\/wp-json\/wp\/v2\/comments?post=19281"}],"version-history":[{"count":8,"href":"https:\/\/www.upmedical.eu\/et\/wp-json\/wp\/v2\/pages\/19281\/revisions"}],"predecessor-version":[{"id":19545,"href":"https:\/\/www.upmedical.eu\/et\/wp-json\/wp\/v2\/pages\/19281\/revisions\/19545"}],"wp:featuredmedia":[{"embeddable":true,"href":"https:\/\/www.upmedical.eu\/et\/wp-json\/wp\/v2\/media\/19093"}],"wp:attachment":[{"href":"https:\/\/www.upmedical.eu\/et\/wp-json\/wp\/v2\/media?parent=19281"}],"curies":[{"name":"wp","href":"https:\/\/api.w.org\/{rel}","templated":true}]}}