{"id":19469,"date":"2024-04-29T13:31:54","date_gmt":"2024-04-29T10:31:54","guid":{"rendered":"https:\/\/www.upmedical.eu\/shop\/tasuline-kusimus-menopausi-ekspertdilt\/"},"modified":"2024-04-29T13:31:54","modified_gmt":"2024-04-29T10:31:54","slug":"tasuline-kusimus-menopausi-ekspertdilt","status":"publish","type":"product","link":"https:\/\/www.upmedical.eu\/et\/shop\/tasuline-kusimus-menopausi-ekspertdilt\/","title":{"rendered":"Tasuline k\u00fcsimus &#8211; Menopausi ekspertdilt"},"content":{"rendered":"","protected":false},"excerpt":{"rendered":"<p>Menopausi online konsultatsiooniteenus &#8211; tasuline k\u00fcsimus<\/p>\n","protected":false},"featured_media":19150,"template":"","meta":[],"product_brand":[],"product_cat":[100],"product_tag":[],"class_list":{"0":"post-19469","1":"product","2":"type-product","3":"status-publish","4":"has-post-thumbnail","6":"product_cat-maaratlemata-et","8":"first","9":"instock","10":"virtual","11":"sold-individually","12":"purchasable","13":"product-type-simple"},"yoast_head":"<!-- This site is optimized with the Yoast SEO plugin v27.1.1 - https:\/\/yoast.com\/product\/yoast-seo-wordpress\/ -->\n<title>Tasuline k\u00fcsimus - Menopausi ekspertdilt - UPMEDICAL O\u00dc - Partner For Better Healthcare<\/title>\n<meta name=\"robots\" content=\"index, follow, max-snippet:-1, max-image-preview:large, max-video-preview:-1\" \/>\n<link rel=\"canonical\" href=\"https:\/\/www.upmedical.eu\/shop\/paid-question-menopause-expert\/\" \/>\n<meta property=\"og:locale\" content=\"et_EE\" \/>\n<meta property=\"og:type\" content=\"article\" \/>\n<meta property=\"og:title\" content=\"Tasuline k\u00fcsimus - Menopausi ekspertdilt - UPMEDICAL O\u00dc - Partner For Better Healthcare\" \/>\n<meta property=\"og:description\" content=\"Menopausi online konsultatsiooniteenus - tasuline k\u00fcsimus\" \/>\n<meta property=\"og:url\" content=\"https:\/\/www.upmedical.eu\/shop\/paid-question-menopause-expert\/\" \/>\n<meta property=\"og:site_name\" content=\"UPMEDICAL O\u00dc - Partner For Better Healthcare\" \/>\n<meta property=\"og:image\" content=\"https:\/\/www.upmedical.eu\/wp-content\/uploads\/2024\/04\/medical-consultation-e1713894715450.jpg\" \/>\n\t<meta property=\"og:image:width\" content=\"1305\" \/>\n\t<meta property=\"og:image:height\" content=\"988\" \/>\n\t<meta property=\"og:image:type\" content=\"image\/jpeg\" \/>\n<meta name=\"twitter:card\" content=\"summary_large_image\" \/>\n<script type=\"application\/ld+json\" class=\"yoast-schema-graph\">{\"@context\":\"https:\/\/schema.org\",\"@graph\":[{\"@type\":\"WebPage\",\"@id\":\"https:\/\/www.upmedical.eu\/shop\/paid-question-menopause-expert\/\",\"url\":\"https:\/\/www.upmedical.eu\/shop\/paid-question-menopause-expert\/\",\"name\":\"Tasuline k\u00fcsimus - Menopausi ekspertdilt - UPMEDICAL O\u00dc - Partner For Better Healthcare\",\"isPartOf\":{\"@id\":\"https:\/\/www.upmedical.eu\/#website\"},\"primaryImageOfPage\":{\"@id\":\"https:\/\/www.upmedical.eu\/shop\/paid-question-menopause-expert\/#primaryimage\"},\"image\":{\"@id\":\"https:\/\/www.upmedical.eu\/shop\/paid-question-menopause-expert\/#primaryimage\"},\"thumbnailUrl\":\"https:\/\/www.upmedical.eu\/wp-content\/uploads\/2024\/04\/medical-consultation-e1713894715450.jpg\",\"datePublished\":\"2024-04-29T10:31:54+00:00\",\"breadcrumb\":{\"@id\":\"https:\/\/www.upmedical.eu\/shop\/paid-question-menopause-expert\/#breadcrumb\"},\"inLanguage\":\"et\",\"potentialAction\":[{\"@type\":\"ReadAction\",\"target\":[\"https:\/\/www.upmedical.eu\/shop\/paid-question-menopause-expert\/\"]}]},{\"@type\":\"ImageObject\",\"inLanguage\":\"et\",\"@id\":\"https:\/\/www.upmedical.eu\/shop\/paid-question-menopause-expert\/#primaryimage\",\"url\":\"https:\/\/www.upmedical.eu\/wp-content\/uploads\/2024\/04\/medical-consultation-e1713894715450.jpg\",\"contentUrl\":\"https:\/\/www.upmedical.eu\/wp-content\/uploads\/2024\/04\/medical-consultation-e1713894715450.jpg\",\"width\":1305,\"height\":988,\"caption\":\"meditsiiniline konsultatsioon, kiirdiagnostika uudised (EL)\"},{\"@type\":\"BreadcrumbList\",\"@id\":\"https:\/\/www.upmedical.eu\/shop\/paid-question-menopause-expert\/#breadcrumb\",\"itemListElement\":[{\"@type\":\"ListItem\",\"position\":1,\"name\":\"Home\",\"item\":\"https:\/\/www.upmedical.eu\/et\/\"},{\"@type\":\"ListItem\",\"position\":2,\"name\":\"Shop\",\"item\":\"https:\/\/www.upmedical.eu\/shop\/\"},{\"@type\":\"ListItem\",\"position\":3,\"name\":\"Tasuline k\u00fcsimus &#8211; Menopausi ekspertdilt\"}]},{\"@type\":\"WebSite\",\"@id\":\"https:\/\/www.upmedical.eu\/#website\",\"url\":\"https:\/\/www.upmedical.eu\/\",\"name\":\"UPMEDICAL O\u00dc - Partner For Better Healthcare\",\"description\":\"UP Medical: Distribution Partner in Estonia for medical, clinical diagnostics &amp; food safety products. We offer B2B services to manufacturers.\",\"publisher\":{\"@id\":\"https:\/\/www.upmedical.eu\/#organization\"},\"potentialAction\":[{\"@type\":\"SearchAction\",\"target\":{\"@type\":\"EntryPoint\",\"urlTemplate\":\"https:\/\/www.upmedical.eu\/?s={search_term_string}\"},\"query-input\":{\"@type\":\"PropertyValueSpecification\",\"valueRequired\":true,\"valueName\":\"search_term_string\"}}],\"inLanguage\":\"et\"},{\"@type\":\"Organization\",\"@id\":\"https:\/\/www.upmedical.eu\/#organization\",\"name\":\"UPMEDICAL O\u00dc - Partner For Better Healthcare\",\"url\":\"https:\/\/www.upmedical.eu\/\",\"logo\":{\"@type\":\"ImageObject\",\"inLanguage\":\"et\",\"@id\":\"https:\/\/www.upmedical.eu\/#\/schema\/logo\/image\/\",\"url\":\"https:\/\/www.upmedical.eu\/wp-content\/uploads\/2024\/08\/whatsup.png\",\"contentUrl\":\"https:\/\/www.upmedical.eu\/wp-content\/uploads\/2024\/08\/whatsup.png\",\"width\":250,\"height\":250,\"caption\":\"UPMEDICAL O\u00dc - Partner For Better Healthcare\"},\"image\":{\"@id\":\"https:\/\/www.upmedical.eu\/#\/schema\/logo\/image\/\"}}]}<\/script>\n<!-- \/ Yoast SEO plugin. -->","yoast_head_json":{"title":"Tasuline k\u00fcsimus - Menopausi ekspertdilt - UPMEDICAL O\u00dc - Partner For Better Healthcare","robots":{"index":"index","follow":"follow","max-snippet":"max-snippet:-1","max-image-preview":"max-image-preview:large","max-video-preview":"max-video-preview:-1"},"canonical":"https:\/\/www.upmedical.eu\/shop\/paid-question-menopause-expert\/","og_locale":"et_EE","og_type":"article","og_title":"Tasuline k\u00fcsimus - Menopausi ekspertdilt - UPMEDICAL O\u00dc - Partner For Better Healthcare","og_description":"Menopausi online konsultatsiooniteenus - tasuline k\u00fcsimus","og_url":"https:\/\/www.upmedical.eu\/shop\/paid-question-menopause-expert\/","og_site_name":"UPMEDICAL O\u00dc - Partner For Better Healthcare","og_image":[{"width":1305,"height":988,"url":"https:\/\/www.upmedical.eu\/wp-content\/uploads\/2024\/04\/medical-consultation-e1713894715450.jpg","type":"image\/jpeg"}],"twitter_card":"summary_large_image","schema":{"@context":"https:\/\/schema.org","@graph":[{"@type":"WebPage","@id":"https:\/\/www.upmedical.eu\/shop\/paid-question-menopause-expert\/","url":"https:\/\/www.upmedical.eu\/shop\/paid-question-menopause-expert\/","name":"Tasuline k\u00fcsimus - Menopausi ekspertdilt - UPMEDICAL O\u00dc - Partner For Better Healthcare","isPartOf":{"@id":"https:\/\/www.upmedical.eu\/#website"},"primaryImageOfPage":{"@id":"https:\/\/www.upmedical.eu\/shop\/paid-question-menopause-expert\/#primaryimage"},"image":{"@id":"https:\/\/www.upmedical.eu\/shop\/paid-question-menopause-expert\/#primaryimage"},"thumbnailUrl":"https:\/\/www.upmedical.eu\/wp-content\/uploads\/2024\/04\/medical-consultation-e1713894715450.jpg","datePublished":"2024-04-29T10:31:54+00:00","breadcrumb":{"@id":"https:\/\/www.upmedical.eu\/shop\/paid-question-menopause-expert\/#breadcrumb"},"inLanguage":"et","potentialAction":[{"@type":"ReadAction","target":["https:\/\/www.upmedical.eu\/shop\/paid-question-menopause-expert\/"]}]},{"@type":"ImageObject","inLanguage":"et","@id":"https:\/\/www.upmedical.eu\/shop\/paid-question-menopause-expert\/#primaryimage","url":"https:\/\/www.upmedical.eu\/wp-content\/uploads\/2024\/04\/medical-consultation-e1713894715450.jpg","contentUrl":"https:\/\/www.upmedical.eu\/wp-content\/uploads\/2024\/04\/medical-consultation-e1713894715450.jpg","width":1305,"height":988,"caption":"meditsiiniline konsultatsioon, kiirdiagnostika uudised (EL)"},{"@type":"BreadcrumbList","@id":"https:\/\/www.upmedical.eu\/shop\/paid-question-menopause-expert\/#breadcrumb","itemListElement":[{"@type":"ListItem","position":1,"name":"Home","item":"https:\/\/www.upmedical.eu\/et\/"},{"@type":"ListItem","position":2,"name":"Shop","item":"https:\/\/www.upmedical.eu\/shop\/"},{"@type":"ListItem","position":3,"name":"Tasuline k\u00fcsimus &#8211; Menopausi ekspertdilt"}]},{"@type":"WebSite","@id":"https:\/\/www.upmedical.eu\/#website","url":"https:\/\/www.upmedical.eu\/","name":"UPMEDICAL O\u00dc - Partner For Better Healthcare","description":"UP Medical: Distribution Partner in Estonia for medical, clinical diagnostics &amp; food safety products. We offer B2B services to manufacturers.","publisher":{"@id":"https:\/\/www.upmedical.eu\/#organization"},"potentialAction":[{"@type":"SearchAction","target":{"@type":"EntryPoint","urlTemplate":"https:\/\/www.upmedical.eu\/?s={search_term_string}"},"query-input":{"@type":"PropertyValueSpecification","valueRequired":true,"valueName":"search_term_string"}}],"inLanguage":"et"},{"@type":"Organization","@id":"https:\/\/www.upmedical.eu\/#organization","name":"UPMEDICAL O\u00dc - Partner For Better Healthcare","url":"https:\/\/www.upmedical.eu\/","logo":{"@type":"ImageObject","inLanguage":"et","@id":"https:\/\/www.upmedical.eu\/#\/schema\/logo\/image\/","url":"https:\/\/www.upmedical.eu\/wp-content\/uploads\/2024\/08\/whatsup.png","contentUrl":"https:\/\/www.upmedical.eu\/wp-content\/uploads\/2024\/08\/whatsup.png","width":250,"height":250,"caption":"UPMEDICAL O\u00dc - Partner For Better Healthcare"},"image":{"@id":"https:\/\/www.upmedical.eu\/#\/schema\/logo\/image\/"}}]}},"_links":{"self":[{"href":"https:\/\/www.upmedical.eu\/et\/wp-json\/wp\/v2\/product\/19469","targetHints":{"allow":["GET"]}}],"collection":[{"href":"https:\/\/www.upmedical.eu\/et\/wp-json\/wp\/v2\/product"}],"about":[{"href":"https:\/\/www.upmedical.eu\/et\/wp-json\/wp\/v2\/types\/product"}],"version-history":[{"count":0,"href":"https:\/\/www.upmedical.eu\/et\/wp-json\/wp\/v2\/product\/19469\/revisions"}],"wp:featuredmedia":[{"embeddable":true,"href":"https:\/\/www.upmedical.eu\/et\/wp-json\/wp\/v2\/media\/19150"}],"wp:attachment":[{"href":"https:\/\/www.upmedical.eu\/et\/wp-json\/wp\/v2\/media?parent=19469"}],"wp:term":[{"taxonomy":"product_brand","embeddable":true,"href":"https:\/\/www.upmedical.eu\/et\/wp-json\/wp\/v2\/product_brand?post=19469"},{"taxonomy":"product_cat","embeddable":true,"href":"https:\/\/www.upmedical.eu\/et\/wp-json\/wp\/v2\/product_cat?post=19469"},{"taxonomy":"product_tag","embeddable":true,"href":"https:\/\/www.upmedical.eu\/et\/wp-json\/wp\/v2\/product_tag?post=19469"}],"curies":[{"name":"wp","href":"https:\/\/api.w.org\/{rel}","templated":true}]}}